{"id":165,"date":"2020-12-29T19:02:50","date_gmt":"2020-12-29T18:02:50","guid":{"rendered":"http:\/\/denis-baize.fr\/wp\/?page_id=165"},"modified":"2020-12-29T19:02:50","modified_gmt":"2020-12-29T18:02:50","slug":"liens-vers-dautres-sites","status":"publish","type":"page","link":"https:\/\/denis-baize.fr\/wp\/liens-vers-dautres-sites\/","title":{"rendered":"Liens vers d\u2019autres sites"},"content":{"rendered":"\n<ul><li>Informations sur les teneurs en ETM dans les sols en France<br><a href=\"https:\/\/www.denis-baize.fr\/etm\/\" target=\"_blank\" rel=\"noreferrer noopener\">https:\/\/www.denis-baize.fr\/etm\/<\/a><\/li><\/ul>\n\n\n\n<ul><li>Base de Donn\u00e9es \u00c9l\u00e9ments Traces M\u00e9talliques (BDETM)<br><a href=\"https:\/\/www.gissol.fr\/le-gis\/programmes\/base-de-donnees-elements-traces-metalliques-bdetm-65\" target=\"_blank\" rel=\"noreferrer noopener\">Base de Donn\u00e9es \u00c9l\u00e9ments Traces M\u00e9talliques \u2013 BDETM<\/a><\/li><\/ul>\n\n\n\n<figure class=\"wp-block-embed is-type-wp-embed is-provider-gis-sol wp-block-embed-gis-sol\"><div class=\"wp-block-embed__wrapper\">\n<blockquote class=\"wp-embedded-content\" data-secret=\"BVY7hJZStr\"><a href=\"https:\/\/www.gissol.fr\/le-gis\/programmes\/base-de-donnees-elements-traces-metalliques-bdetm-65\">Base de Donn\u00e9es El\u00e9ments Traces M\u00e9talliques &#8211; BDETM<\/a><\/blockquote><iframe class=\"wp-embedded-content\" sandbox=\"allow-scripts\" security=\"restricted\" style=\"position: absolute; clip: rect(1px, 1px, 1px, 1px);\" title=\"\u00ab\u00a0Base de Donn\u00e9es El\u00e9ments Traces M\u00e9talliques &#8211; BDETM\u00a0\u00bb &#8212; Gis Sol\" src=\"https:\/\/www.gissol.fr\/le-gis\/programmes\/base-de-donnees-elements-traces-metalliques-bdetm-65\/embed#?secret=BVY7hJZStr\" data-secret=\"BVY7hJZStr\" width=\"580\" height=\"327\" frameborder=\"0\" marginwidth=\"0\" marginheight=\"0\" scrolling=\"no\"><\/iframe>\n<\/div><\/figure>\n\n\n\n<ul><li>Groupement d&rsquo;int\u00e9r\u00eat scientifique Sol (Gis Sol)<br><a href=\"https:\/\/www.gissol.fr\/le-gis\">https:\/\/www.gissol.fr\/le-gis<\/a><\/li><\/ul>\n\n\n\n<ul><li>Sites de l\u2019INRAE Orl\u00e9ans<ul><li><a href=\"https:\/\/www.val-de-loire.inrae.fr\/infosol\/\" target=\"_blank\" rel=\"noreferrer noopener\">https:\/\/www.val-de-loire.inrae.fr\/infosol\/<\/a><\/li><li><a href=\"https:\/\/www.val-de-loire.inrae.fr\/ur-sols\" target=\"_blank\" rel=\"noreferrer noopener\">https:\/\/www.val-de-loire.inrae.fr\/ur-sols<\/a><\/li><\/ul><\/li><\/ul>\n\n\n\n<ul><li>Association Fran\u00e7aise pour l\u2019\u00c9tude du Sol (AFES)<br><a href=\"https:\/\/www.afes.fr\/\">https:\/\/www.afes.fr\/<\/a><\/li><\/ul>\n\n\n\n<ul><li>International Union of Soil Sciences (IUSS)<br><a href=\"https:\/\/www.iuss.org\/\">https:\/\/www.iuss.org\/<\/a><\/li><\/ul>\n","protected":false},"excerpt":{"rendered":"<p>Informations sur les teneurs en ETM dans les sols en Francehttps:\/\/www.denis-baize.fr\/etm\/ Base de Donn\u00e9es \u00c9l\u00e9ments Traces M\u00e9talliques (BDETM)Base de Donn\u00e9es \u00c9l\u00e9ments Traces M\u00e9talliques \u2013 BDETM Groupement d&rsquo;int\u00e9r\u00eat scientifique Sol (Gis Sol)https:\/\/www.gissol.fr\/le-gis Sites de l\u2019INRAE Orl\u00e9ans https:\/\/www.val-de-loire.inrae.fr\/infosol\/ https:\/\/www.val-de-loire.inrae.fr\/ur-sols Association Fran\u00e7aise pour l\u2019\u00c9tude du Sol (AFES)https:\/\/www.afes.fr\/ International Union of Soil Sciences (IUSS)https:\/\/www.iuss.org\/<\/p>\n","protected":false},"author":1,"featured_media":0,"parent":0,"menu_order":0,"comment_status":"closed","ping_status":"closed","template":"","meta":{"footnotes":""},"aioseo_notices":[],"_links":{"self":[{"href":"https:\/\/denis-baize.fr\/wp\/wp-json\/wp\/v2\/pages\/165"}],"collection":[{"href":"https:\/\/denis-baize.fr\/wp\/wp-json\/wp\/v2\/pages"}],"about":[{"href":"https:\/\/denis-baize.fr\/wp\/wp-json\/wp\/v2\/types\/page"}],"author":[{"embeddable":true,"href":"https:\/\/denis-baize.fr\/wp\/wp-json\/wp\/v2\/users\/1"}],"replies":[{"embeddable":true,"href":"https:\/\/denis-baize.fr\/wp\/wp-json\/wp\/v2\/comments?post=165"}],"version-history":[{"count":1,"href":"https:\/\/denis-baize.fr\/wp\/wp-json\/wp\/v2\/pages\/165\/revisions"}],"predecessor-version":[{"id":168,"href":"https:\/\/denis-baize.fr\/wp\/wp-json\/wp\/v2\/pages\/165\/revisions\/168"}],"wp:attachment":[{"href":"https:\/\/denis-baize.fr\/wp\/wp-json\/wp\/v2\/media?parent=165"}],"curies":[{"name":"wp","href":"https:\/\/api.w.org\/{rel}","templated":true}]}}